{"id":18,"date":"2025-04-08T15:25:55","date_gmt":"2025-04-08T13:25:55","guid":{"rendered":"https:\/\/les2la.cnita.fr\/?page_id=18"},"modified":"2025-04-14T16:08:16","modified_gmt":"2025-04-14T14:08:16","slug":"18-2","status":"publish","type":"page","link":"https:\/\/les2la.cnita.fr\/","title":{"rendered":"accueil"},"content":{"rendered":"\n<p><\/p>\n\n\n\n<h2 class=\"wp-block-heading has-text-align-center has-text-color\" style=\"color:#07277c;font-size:clamp(1.556rem, 1.556rem + ((1vw - 0.2rem) * 1.916), 2.61rem);font-style:normal;font-weight:600;line-height:1.5;text-transform:capitalize\">les 2 LA<\/h2>\n\n\n\n<div class=\"wp-block-group alignfull has-global-padding is-layout-constrained wp-container-core-group-is-layout-1257c590 wp-block-group-is-layout-constrained\" style=\"margin-top:0;margin-bottom:0;padding-top:5.51rem;padding-right:1rem;padding-bottom:3rem;padding-left:1rem\">\n<div class=\"wp-block-group alignwide has-global-padding is-layout-constrained wp-block-group-is-layout-constrained\" style=\"padding-bottom:1rem\"><\/div>\n\n\n\n<div class=\"wp-block-group alignwide has-global-padding is-layout-constrained wp-container-core-group-is-layout-1cf432e6 wp-block-group-is-layout-constrained\" style=\"margin-top:1.01rem\">\n<div class=\"wp-block-columns alignwide is-layout-flex wp-container-core-columns-is-layout-85231905 wp-block-columns-is-layout-flex\">\n<div class=\"wp-block-column has-global-padding is-content-justification-center is-layout-constrained wp-container-core-column-is-layout-412b4476 wp-block-column-is-layout-constrained\" style=\"padding-bottom:2rem\">\n<div class=\"wp-block-group has-global-padding is-layout-constrained wp-container-core-group-is-layout-668d2085 wp-block-group-is-layout-constrained\">\n<h5 class=\"wp-block-heading has-text-align-center has-text-color\" style=\"color:#07277c;font-size:clamp(1.044rem, 1.044rem + ((1vw - 0.2rem) * 1.029), 1.61rem);font-style:normal;font-weight:600;line-height:1.4;text-transform:capitalize\"><\/h5>\n<\/div>\n\n\n\n<div class=\"wp-block-group has-global-padding is-layout-constrained wp-container-core-group-is-layout-4f9f0532 wp-block-group-is-layout-constrained\">\n<p class=\"has-text-align-center has-text-color\" style=\"color:#252525;margin-top:0rem;font-size:clamp(0.875rem, 0.875rem + ((1vw - 0.2rem) * 0.064), 0.91rem);font-style:normal;font-weight:400;line-height:1.5\"><\/p>\n\n\n\n<figure class=\"wp-block-image size-large\"><img loading=\"lazy\" decoding=\"async\" width=\"819\" height=\"1024\" src=\"https:\/\/les2la.cnita.fr\/wp-content\/uploads\/2025\/04\/image-3-819x1024.png\" alt=\"\" class=\"wp-image-42\" srcset=\"https:\/\/les2la.cnita.fr\/wp-content\/uploads\/2025\/04\/image-3-819x1024.png 819w, https:\/\/les2la.cnita.fr\/wp-content\/uploads\/2025\/04\/image-3-240x300.png 240w, https:\/\/les2la.cnita.fr\/wp-content\/uploads\/2025\/04\/image-3-768x960.png 768w, https:\/\/les2la.cnita.fr\/wp-content\/uploads\/2025\/04\/image-3-1229x1536.png 1229w, https:\/\/les2la.cnita.fr\/wp-content\/uploads\/2025\/04\/image-3-1638x2048.png 1638w, https:\/\/les2la.cnita.fr\/wp-content\/uploads\/2025\/04\/image-3.png 2048w\" sizes=\"auto, (max-width: 819px) 100vw, 819px\" \/><\/figure>\n\n\n\n<p class=\"has-text-align-center has-text-color\" style=\"color:#252525;margin-top:0rem;font-size:clamp(0.875rem, 0.875rem + ((1vw - 0.2rem) * 0.064), 0.91rem);font-style:normal;font-weight:400;line-height:1.5\"><strong>Dates \u00e0 venir<\/strong><\/p>\n<\/div>\n\n\n\n<p>Mai 2025<\/p>\n\n\n\n<p><strong>R\u00e9pertoire chansons fran\u00e7aises <\/strong><\/p>\n\n\n\n<p>Auberge de jeunesse Echirolles<\/p>\n\n\n\n<p><strong>Voyage en Rimbaldie<\/strong><\/p>\n\n\n\n<p>Po\u00e8mes de Rimbaut mis en musique<\/p>\n<\/div>\n\n\n\n<div class=\"wp-block-column is-vertically-aligned-center has-global-padding is-layout-constrained wp-container-core-column-is-layout-a3af4fe5 wp-block-column-is-layout-constrained\" style=\"padding-bottom:2rem\">\n<div class=\"wp-block-group has-global-padding is-layout-constrained wp-container-core-group-is-layout-668d2085 wp-block-group-is-layout-constrained\">\n<figure class=\"wp-block-image size-full is-resized\"><img loading=\"lazy\" decoding=\"async\" width=\"300\" height=\"301\" src=\"https:\/\/les2la.cnita.fr\/wp-content\/uploads\/2025\/04\/image.png\" alt=\"\" class=\"wp-image-11\" style=\"width:211px;height:auto\" srcset=\"https:\/\/les2la.cnita.fr\/wp-content\/uploads\/2025\/04\/image.png 300w, https:\/\/les2la.cnita.fr\/wp-content\/uploads\/2025\/04\/image-150x150.png 150w\" sizes=\"auto, (max-width: 300px) 100vw, 300px\" \/><\/figure>\n\n\n\n<h5 class=\"wp-block-heading has-text-align-center has-text-color\" style=\"color:#07277c;font-size:clamp(1.044rem, 1.044rem + ((1vw - 0.2rem) * 1.029), 1.61rem);font-style:normal;font-weight:600;line-height:1.4;text-transform:none\"><strong>Association Rencontre  MUSIQUE , CONTE       et POESIE<\/strong><\/h5>\n<\/div>\n\n\n\n<div class=\"wp-block-group has-global-padding is-layout-constrained wp-container-core-group-is-layout-4f9f0532 wp-block-group-is-layout-constrained\">\n<p class=\"has-text-align-center has-luminous-vivid-amber-to-luminous-vivid-orange-gradient-background has-text-color has-background\" style=\"color:#252525;margin-top:0rem;font-size:clamp(0.929rem, 0.929rem + ((1vw - 0.2rem) * 0.856), 1.4rem);font-style:normal;font-weight:400;line-height:1.5\">   <strong>Les Activit\u00e9s<\/strong>:     Concerts    Rencontres  Recherche de r\u00e9pertoire                                       R\u00e9p\u00e9titions  Mise en sc\u00e8ne et en forme du r\u00e9pertoire<\/p>\n<\/div>\n<\/div>\n\n\n\n<div class=\"wp-block-column has-global-padding is-content-justification-left is-layout-constrained wp-container-core-column-is-layout-cf6c6052 wp-block-column-is-layout-constrained\" style=\"padding-bottom:2rem\">\n<div class=\"wp-block-group has-global-padding is-layout-constrained wp-container-core-group-is-layout-668d2085 wp-block-group-is-layout-constrained\">\n<h5 class=\"wp-block-heading has-text-align-center has-text-color\" style=\"color:#07277c;font-size:clamp(1.044rem, 1.044rem + ((1vw - 0.2rem) * 1.029), 1.61rem);font-style:normal;font-weight:600;line-height:1.4;text-transform:capitalize\"><\/h5>\n<\/div>\n\n\n\n<figure class=\"wp-block-image aligncenter size-full\"><img loading=\"lazy\" decoding=\"async\" width=\"1280\" height=\"853\" src=\"https:\/\/les2la.cnita.fr\/wp-content\/uploads\/2025\/04\/man-7770930_1280.jpg\" alt=\"\" class=\"wp-image-22\" srcset=\"https:\/\/les2la.cnita.fr\/wp-content\/uploads\/2025\/04\/man-7770930_1280.jpg 1280w, https:\/\/les2la.cnita.fr\/wp-content\/uploads\/2025\/04\/man-7770930_1280-300x200.jpg 300w, https:\/\/les2la.cnita.fr\/wp-content\/uploads\/2025\/04\/man-7770930_1280-1024x682.jpg 1024w, https:\/\/les2la.cnita.fr\/wp-content\/uploads\/2025\/04\/man-7770930_1280-768x512.jpg 768w\" sizes=\"auto, (max-width: 1280px) 100vw, 1280px\" \/><\/figure>\n\n\n\n<div class=\"wp-block-group has-global-padding is-layout-constrained wp-container-core-group-is-layout-4f9f0532 wp-block-group-is-layout-constrained\">\n<p class=\"has-text-align-center has-text-color\" style=\"color:#252525;margin-top:0rem;font-size:clamp(0.875rem, 0.875rem + ((1vw - 0.2rem) * 0.064), 0.91rem);font-style:normal;font-weight:400;line-height:1.5\"><\/p>\n<\/div>\n\n\n\n<p><strong>D\u00e9veloppement des activit\u00e9s en cours et \u00e0 venir<\/strong> : <\/p>\n\n\n\n<p>r\u00e9pertoir Brassens<\/p>\n\n\n\n<p>Chansons fran\u00e7aises<\/p>\n\n\n\n<p>Po\u00e8mes de Raimbaut accompagn\u00e9s musicalement<\/p>\n<\/div>\n<\/div>\n<\/div>\n<\/div>\n\n\n\n<p><\/p>\n\n\n\n<section class=\"wp-block-group alignfull has-text-color has-background has-global-padding is-layout-constrained wp-container-core-group-is-layout-38ad39fd wp-block-group-is-layout-constrained\" style=\"color:#03081e;background-color:#eff9ff;margin-top:0px;padding-top:5.01rem;padding-right:1rem;padding-bottom:5.5rem;padding-left:1rem;font-size:clamp(0.875rem, 0.875rem + ((1vw - 0.2rem) * 0.464), 1.13rem);font-style:normal;font-weight:400;line-height:1.4\">\n<div class=\"wp-block-columns is-layout-flex wp-container-core-columns-is-layout-db2df21c wp-block-columns-is-layout-flex\" style=\"margin-bottom:0px\">\n<div class=\"wp-block-column is-layout-flow wp-block-column-is-layout-flow\">\n<div class=\"wp-block-group is-vertical is-content-justification-left is-layout-flex wp-container-core-group-is-layout-c5d44cae wp-block-group-is-layout-flex\" style=\"min-height:100%\">\n<div class=\"wp-block-group has-global-padding is-content-justification-center is-layout-constrained wp-container-core-group-is-layout-b15c80d6 wp-block-group-is-layout-constrained\">\n<h3 class=\"wp-block-heading has-text-align-left has-text-color\" style=\"color:#07277c;margin-top:0.5rem;margin-bottom:1.01rem;font-size:clamp(1.556rem, 1.556rem + ((1vw - 0.2rem) * 1.916), 2.61rem);font-style:normal;font-weight:500;letter-spacing:0px;line-height:1.3;text-transform:capitalize\"><\/h3>\n\n\n\n<figure class=\"wp-block-image size-large\"><img loading=\"lazy\" decoding=\"async\" width=\"1024\" height=\"683\" src=\"https:\/\/les2la.cnita.fr\/wp-content\/uploads\/2025\/04\/image-1024x683.jpeg\" alt=\"Coin de jardin confortable avec table et chaises.\" class=\"wp-image-40\" srcset=\"https:\/\/les2la.cnita.fr\/wp-content\/uploads\/2025\/04\/image-1024x683.jpeg 1024w, https:\/\/les2la.cnita.fr\/wp-content\/uploads\/2025\/04\/image-300x200.jpeg 300w, https:\/\/les2la.cnita.fr\/wp-content\/uploads\/2025\/04\/image-768x512.jpeg 768w, https:\/\/les2la.cnita.fr\/wp-content\/uploads\/2025\/04\/image-1536x1025.jpeg 1536w, https:\/\/les2la.cnita.fr\/wp-content\/uploads\/2025\/04\/image-2048x1366.jpeg 2048w\" sizes=\"auto, (max-width: 1024px) 100vw, 1024px\" \/><\/figure>\n\n\n\n<p class=\"has-text-align-left\"><\/p>\n\n\n\n<p class=\"has-text-align-left has-text-color\" style=\"color:#03081e;margin-top:0rem;font-size:clamp(0.875rem, 0.875rem + ((1vw - 0.2rem) * 0.609), 1.21rem);font-style:normal;font-weight:400;line-height:1.6\"><strong>Origines de l &lsquo;association, <\/strong>  <\/p>\n\n\n\n<p class=\"has-text-align-left has-text-color\" style=\"color:#03081e;margin-top:0rem;font-size:clamp(0.875rem, 0.875rem + ((1vw - 0.2rem) * 0.609), 1.21rem);font-style:normal;font-weight:400;line-height:1.6\">Il y a 3 ans: Rencontre improbable de 2 musiciens habit\u00e9s par    musque le conte et la po\u00e9sie<\/p>\n\n\n\n<p class=\"has-text-align-left has-text-color\" style=\"color:#1d031f;margin-top:0rem;font-size:clamp(0.875rem, 0.875rem + ((1vw - 0.2rem) * 0.609), 1.21rem);font-style:normal;font-weight:400;line-height:1.6\"><strong>l&rsquo;un<\/strong> (ou l&rsquo;autre): guitariste:    Gilbert<\/p>\n\n\n\n<p class=\"has-text-align-left has-text-color\" style=\"color:#03081e;margin-top:0rem;font-size:clamp(0.875rem, 0.875rem + ((1vw - 0.2rem) * 0.609), 1.21rem);font-style:normal;font-weight:400;line-height:1.6\"><strong>l&rsquo;autre<\/strong>(ou l&rsquo;un): chanteur; multi instrumentiste: <strong>Jacques<\/strong><\/p>\n\n\n\n<p>Ils mettent rapidement en place<\/p>\n\n\n\n<p class=\"has-text-align-left has-text-color\" style=\"color:#03081e;margin-top:0rem;font-size:clamp(0.875rem, 0.875rem + ((1vw - 0.2rem) * 0.609), 1.21rem);font-style:normal;font-weight:400;line-height:1.6\">2 r\u00e9pertoires diff\u00e9rents<\/p>\n\n\n\n<p class=\"has-text-align-left has-text-color\" style=\"color:#03081e;margin-top:0rem;font-size:clamp(0.875rem, 0.875rem + ((1vw - 0.2rem) * 0.609), 1.21rem);font-style:normal;font-weight:400;line-height:1.6\"> Brassens<\/p>\n\n\n\n<p class=\"has-text-align-left has-text-color\" style=\"color:#03081e;margin-top:0rem;font-size:clamp(0.875rem, 0.875rem + ((1vw - 0.2rem) * 0.609), 1.21rem);font-style:normal;font-weight:400;line-height:1.6\"> et Chansons francophones<\/p>\n\n\n\n<p class=\"has-text-align-left has-text-color\" style=\"color:#03081e;margin-top:0rem;font-size:clamp(0.875rem, 0.875rem + ((1vw - 0.2rem) * 0.609), 1.21rem);font-style:normal;font-weight:400;line-height:1.6\">qu&rsquo;ils produisent en public \u00e0<\/p>\n\n\n\n<p>St Nizier duMoucherotte<\/p>\n<\/div>\n\n\n\n<p><\/p>\n\n\n\n<div class=\"wp-block-group has-global-padding is-content-justification-center is-layout-constrained wp-container-core-group-is-layout-b15c80d6 wp-block-group-is-layout-constrained\">\n<div class=\"wp-block-group has-global-padding is-content-justification-left is-layout-constrained wp-container-core-group-is-layout-30c9064c wp-block-group-is-layout-constrained\" style=\"margin-top:0px\"><\/div>\n<\/div>\n<\/div>\n<\/div>\n\n\n\n<div class=\"wp-block-column is-layout-flow wp-block-column-is-layout-flow\">\n<div class=\"wp-block-group is-vertical is-content-justification-left is-layout-flex wp-container-core-group-is-layout-c5d44cae wp-block-group-is-layout-flex\" style=\"min-height:100%\">\n<div class=\"wp-block-group is-nowrap is-layout-flex wp-container-core-group-is-layout-6c531013 wp-block-group-is-layout-flex\">\n<div class=\"wp-block-group has-global-padding is-content-justification-center is-layout-constrained wp-container-core-group-is-layout-b15c80d6 wp-block-group-is-layout-constrained\">\n<p class=\"has-text-align-left\"><\/p>\n\n\n\n<div class=\"wp-block-group has-global-padding is-content-justification-left is-layout-constrained wp-container-core-group-is-layout-30c9064c wp-block-group-is-layout-constrained\" style=\"margin-top:0px\"><\/div>\n<\/div>\n\n\n\n<figure class=\"wp-block-image size-large\"><img loading=\"lazy\" decoding=\"async\" width=\"1024\" height=\"682\" src=\"https:\/\/les2la.cnita.fr\/wp-content\/uploads\/2025\/04\/image-2-1024x682.png\" alt=\"\" class=\"wp-image-41\" srcset=\"https:\/\/les2la.cnita.fr\/wp-content\/uploads\/2025\/04\/image-2-1024x682.png 1024w, https:\/\/les2la.cnita.fr\/wp-content\/uploads\/2025\/04\/image-2-300x200.png 300w, https:\/\/les2la.cnita.fr\/wp-content\/uploads\/2025\/04\/image-2-768x511.png 768w, https:\/\/les2la.cnita.fr\/wp-content\/uploads\/2025\/04\/image-2.png 1280w\" sizes=\"auto, (max-width: 1024px) 100vw, 1024px\" \/><\/figure>\n<\/div>\n\n\n\n<p><\/p>\n\n\n\n<p class=\"has-text-align-left has-text-color\" style=\"color:#03081e;margin-top:0rem;font-size:clamp(0.875rem, 0.875rem + ((1vw - 0.2rem) * 0.5), 1.15rem);font-style:normal;font-weight:400;line-height:1.6\"><strong> Vocation et esprit de l&rsquo;association<\/strong><\/p>\n\n\n\n<p class=\"has-small-font-size\"><strong> <\/strong><\/p>\n\n\n\n<p style=\"font-style:italic;font-weight:500\">Faire vivre et revivre un patrimoine <\/p>\n\n\n\n<p>de textes et de m\u00e9lodies en leur donnant    <\/p>\n\n\n\n<p>     une \u00ab\u00a0patte\u00a0\u00bb perso sans les d\u00e9naturer <\/p>\n\n\n\n<p>       et dans des endroits choisis, emplis de po\u00e9sie et d&rsquo;histoire<\/p>\n\n\n\n<p><\/p>\n\n\n\n<p class=\"has-text-align-left has-text-color\" style=\"color:#03081e;margin-top:0rem;font-size:clamp(0.875rem, 0.875rem + ((1vw - 0.2rem) * 0.227), 1rem);font-style:italic;font-weight:500;line-height:1.6\">             Favoriser les rencontres artistiques et les projets m\u00e9tiss\u00e9s<\/p>\n\n\n\n<p class=\"has-text-align-left has-text-color\" style=\"color:#03081e;margin-top:0rem;font-size:clamp(0.875rem, 0.875rem + ((1vw - 0.2rem) * 0.227), 1rem);font-style:normal;font-weight:400;line-height:1.6\">Po\u00e8te et musicien<\/p>\n\n\n\n<p>Musiciens invit\u00e9s<\/p>\n\n\n\n<p>Accompagnement de lecture<\/p>\n\n\n\n<p class=\"has-medium-font-size\" style=\"font-style:italic;font-weight:400\">Faire vivre le Conte en musique<\/p>\n\n\n\n<p class=\"wp-container-content-9cfa9a5a\"><\/p>\n<\/div>\n<\/div>\n<\/div>\n<\/section>\n\n\n\n<ul class=\"wp-block-list\">\n<li><\/li>\n<\/ul>\n","protected":false},"excerpt":{"rendered":"<p>les 2 LA Dates \u00e0 venir Mai 2025 R\u00e9pertoire chansons fran\u00e7aises Auberge de jeunesse Echirolles Voyage en Rimbaldie Po\u00e8mes de Rimbaut mis en musique Association Rencontre MUSIQUE , CONTE et POESIE Les Activit\u00e9s: Concerts Rencontres Recherche de r\u00e9pertoire R\u00e9p\u00e9titions Mise en sc\u00e8ne et en forme du r\u00e9pertoire D\u00e9veloppement des activit\u00e9s en cours et \u00e0 venir [&hellip;]<\/p>\n","protected":false},"author":1,"featured_media":0,"parent":0,"menu_order":0,"comment_status":"closed","ping_status":"closed","template":"","meta":{"footnotes":""},"class_list":["post-18","page","type-page","status-publish","hentry"],"_links":{"self":[{"href":"https:\/\/les2la.cnita.fr\/index.php?rest_route=\/wp\/v2\/pages\/18","targetHints":{"allow":["GET"]}}],"collection":[{"href":"https:\/\/les2la.cnita.fr\/index.php?rest_route=\/wp\/v2\/pages"}],"about":[{"href":"https:\/\/les2la.cnita.fr\/index.php?rest_route=\/wp\/v2\/types\/page"}],"author":[{"embeddable":true,"href":"https:\/\/les2la.cnita.fr\/index.php?rest_route=\/wp\/v2\/users\/1"}],"replies":[{"embeddable":true,"href":"https:\/\/les2la.cnita.fr\/index.php?rest_route=%2Fwp%2Fv2%2Fcomments&post=18"}],"version-history":[{"count":31,"href":"https:\/\/les2la.cnita.fr\/index.php?rest_route=\/wp\/v2\/pages\/18\/revisions"}],"predecessor-version":[{"id":74,"href":"https:\/\/les2la.cnita.fr\/index.php?rest_route=\/wp\/v2\/pages\/18\/revisions\/74"}],"wp:attachment":[{"href":"https:\/\/les2la.cnita.fr\/index.php?rest_route=%2Fwp%2Fv2%2Fmedia&parent=18"}],"curies":[{"name":"wp","href":"https:\/\/api.w.org\/{rel}","templated":true}]}}